{"id":35,"date":"2014-05-28T12:28:12","date_gmt":"2014-05-28T12:28:12","guid":{"rendered":"http:\/\/www.vriendenvandeberk.nl\/?page_id=35"},"modified":"2025-06-26T15:06:26","modified_gmt":"2025-06-26T15:06:26","slug":"wensen","status":"publish","type":"page","link":"https:\/\/www.vriendenvandeberk.nl\/?page_id=35","title":{"rendered":"Wensen"},"content":{"rendered":"\t\t<div data-elementor-type=\"wp-page\" data-elementor-id=\"35\" class=\"elementor elementor-35\">\n\t\t\t\t<div class=\"elementor-element elementor-element-2dd592cd e-flex e-con-boxed e-con e-parent\" data-id=\"2dd592cd\" data-element_type=\"container\">\n\t\t\t\t\t<div class=\"e-con-inner\">\n\t\t\t\t<div class=\"elementor-element elementor-element-6297787 elementor-arrows-position-inside elementor-pagination-position-outside elementor-widget elementor-widget-image-carousel\" data-id=\"6297787\" data-element_type=\"widget\" data-settings=\"{&quot;navigation&quot;:&quot;both&quot;,&quot;autoplay&quot;:&quot;yes&quot;,&quot;pause_on_hover&quot;:&quot;yes&quot;,&quot;pause_on_interaction&quot;:&quot;yes&quot;,&quot;autoplay_speed&quot;:5000,&quot;infinite&quot;:&quot;yes&quot;,&quot;speed&quot;:500}\" data-widget_type=\"image-carousel.default\">\n\t\t\t\t<div class=\"elementor-widget-container\">\n\t\t\t\t\t\t\t<div class=\"elementor-image-carousel-wrapper swiper\" role=\"region\" aria-roledescription=\"carousel\" aria-label=\"Afbeelding carrousel\" dir=\"ltr\">\n\t\t\t<div class=\"elementor-image-carousel swiper-wrapper\" aria-live=\"off\">\n\t\t\t\t\t\t\t\t<div class=\"swiper-slide\" role=\"group\" aria-roledescription=\"slide\" aria-label=\"1 van 3\"><figure class=\"swiper-slide-inner\"><img decoding=\"async\" class=\"swiper-slide-image\" src=\"https:\/\/www.vriendenvandeberk.nl\/wp-content\/uploads\/2025\/03\/snoezelen-150x150.jpg\" alt=\"snoezelruimte\" \/><\/figure><\/div><div class=\"swiper-slide\" role=\"group\" aria-roledescription=\"slide\" aria-label=\"2 van 3\"><figure class=\"swiper-slide-inner\"><img decoding=\"async\" class=\"swiper-slide-image\" src=\"https:\/\/www.vriendenvandeberk.nl\/wp-content\/uploads\/2025\/06\/4-senses-incontinentie-ontfocusstoel-150x150.png\" alt=\"4-senses-incontinentie-ontfocusstoel\" \/><\/figure><\/div><div class=\"swiper-slide\" role=\"group\" aria-roledescription=\"slide\" aria-label=\"3 van 3\"><figure class=\"swiper-slide-inner\"><img decoding=\"async\" class=\"swiper-slide-image\" src=\"https:\/\/www.vriendenvandeberk.nl\/wp-content\/uploads\/2025\/06\/20140508_MLB2271-150x150.jpg\" alt=\"Oog op Zeist\" \/><\/figure><\/div>\t\t\t<\/div>\n\t\t\t\t\t\t\t\t\t\t\t\t<div class=\"elementor-swiper-button elementor-swiper-button-prev\" role=\"button\" tabindex=\"0\">\n\t\t\t\t\t\t<svg aria-hidden=\"true\" class=\"e-font-icon-svg e-eicon-chevron-left\" viewBox=\"0 0 1000 1000\" xmlns=\"http:\/\/www.w3.org\/2000\/svg\"><path d=\"M646 125C629 125 613 133 604 142L308 442C296 454 292 471 292 487 292 504 296 521 308 533L604 854C617 867 629 875 646 875 663 875 679 871 692 858 704 846 713 829 713 812 713 796 708 779 692 767L438 487 692 225C700 217 708 204 708 187 708 171 704 154 692 142 675 129 663 125 646 125Z\"><\/path><\/svg>\t\t\t\t\t<\/div>\n\t\t\t\t\t<div class=\"elementor-swiper-button elementor-swiper-button-next\" role=\"button\" tabindex=\"0\">\n\t\t\t\t\t\t<svg aria-hidden=\"true\" class=\"e-font-icon-svg e-eicon-chevron-right\" viewBox=\"0 0 1000 1000\" xmlns=\"http:\/\/www.w3.org\/2000\/svg\"><path d=\"M696 533C708 521 713 504 713 487 713 471 708 454 696 446L400 146C388 133 375 125 354 125 338 125 325 129 313 142 300 154 292 171 292 187 292 204 296 221 308 233L563 492 304 771C292 783 288 800 288 817 288 833 296 850 308 863 321 871 338 875 354 875 371 875 388 867 400 854L696 533Z\"><\/path><\/svg>\t\t\t\t\t<\/div>\n\t\t\t\t\n\t\t\t\t\t\t\t\t\t<div class=\"swiper-pagination\"><\/div>\n\t\t\t\t\t\t\t\t\t<\/div>\n\t\t\t\t\t\t<\/div>\n\t\t\t\t<\/div>\n\t\t\t\t<div class=\"elementor-element elementor-element-668a2a47 elementor-widget elementor-widget-text-editor\" data-id=\"668a2a47\" data-element_type=\"widget\" data-widget_type=\"text-editor.default\">\n\t\t\t\t<div class=\"elementor-widget-container\">\n\t\t\t\t\t\t\t\t\t<p><a href=\"https:\/\/www.vriendenvandeberk.nl\/?page_id=13\">Stichting Vrienden van De Berk<\/a> zet zich in voor het vervullen van wensen die wezenlijk bijdragen aan het welzijn en aan het plezier van de kinderen op De Berk en die niet uit de reguliere middelen betaald kunnen worden. Er zijn zo veel wensen die we graag zouden willen vervullen voor onze kinderen op De Berk dat we daar ook absoluut uw (financi\u00eble) steun bij nodig hebben. Hieronder een selectie van de meest belangrijke wensen die wij graag hopen te realiseren op korte termijn en langere termijn.<\/p><p><strong>Tovertafel<br \/><\/strong>De huidige tovertafel van De Berk is sterk verouderd en is aan vervanging toe. Omdat de Tovertafel zo\u2019n essentieel onderdeel is de dagelijkse routine van alle kinderen op De Berk, is het van groot belang dat deze zo snel mogelijk wordt vervangen. De Tovertafel van De Berk bevindt zich bij de ingang van De Berk. Wanneer een groep gebruik wil maken van de Tovertafel moeten zij dus naar de ingang toe. Echter niet alle kinderen vinden dit een prettige plek omdat er veel prikkels kunnen zijn of kinderen raken afgeleid. Denk hierbij aan bezoek wat binnenkomt, groepen die gaan wandelen, het passeren van mensen door de gangen. De ruimte is toegankelijk voor iedereen. Daarom is er behoefte aan een verrijdbare Tovertafel zodat deze naar de groepen gereden kan worden. Een verrijdbare Tovertafel gaat meer rust brengen en kan op meer momenten worden ingezet.\u00a0<span style=\"font-family: inherit; font-size: inherit; font-style: inherit; font-variant-caps: inherit; text-align: var(--text-align); letter-spacing: var(--theme-letter-spacing); text-transform: var(--theme-text-transform); text-decoration: var(--theme-text-decoration);\">Een Tovertafel cre\u00ebert bijzondere contactenmomenten tussen de kinderen onderling en natuurlijk ook met de begeleiders. Het helpt om contact te maken, zeker met de kinderen met complexe gedragsstoornissen. Zou er geen nieuwe Tovertafel komt, dan vervalt er een ontzettend belangrijk en uitdagend element in de dagbesteding van onze kinderen op De Berk.<\/span><\/p><p style=\"font-weight: 400;\"><strong>\u00a0<\/strong><strong>Elektrische Vierlingwagen<br \/><\/strong>Bij Kinderdagcentrum De Berk vinden we het belangrijk dat alle kinderen kunnen deelnemen aan de wereld om hen heen. Een elektrische vierlingwagen speelt daarbij een onmisbare rol.<br \/>Met de vierlingwagen kunnen kinderen die minder mobiel zijn t\u00f3ch mee naar buiten. Zo maken ze samen met hun begeleiders wandelingen naar de supermarkt, het park of andere plekken in de buurt. Dit draagt niet alleen bij aan hun sociale ontwikkeling, maar geeft hen ook de kans om te genieten van de buitenlucht, de zon op hun gezicht en contact met anderen uit de omgeving.<br \/>De vierlingwagen maakt het mogelijk om met de hele groep op pad te gaan. Vaak werken er twee begeleiders op een groep van acht kinderen. Sommige kinderen kunnen lopen onder begeleiding, terwijl anderen rustiger en veilig vervoerd worden in de wagen. Zo krijgt ieder kind de kans om buiten te zijn en deel te nemen aan groepsactiviteiten.<\/p><p data-start=\"1120\" data-end=\"1248\">Frisse lucht, beweging en zonlicht zijn belangrijk voor ieders gezondheid \u2013 en dat geldt zeker ook voor de kinderen van De Berk.<\/p><p><strong>Muziekbank<br \/><\/strong>De muziekbank is een waardevol meubel dat naast de zintuigen ook het geheugen prikkelt van de kinderen. Maar het is ook simpelweg een ontspannende beleving. De muziekbank houdt de kinderen alert en betrokken en de laagdrempelige middelen die zijn toegepast maken de bank toegankelijk en speels.<\/p><p><strong>Snoezelruimte De Berk<br \/><\/strong>De snoezelruimte van De Berk kan altijd nieuwe elementen gebruiken zodat de kinderen uitgedaagd worden door fijn snoezelmateriaal. Hierbij valt te denken aan bubbelbuizen, muziekelementen en aromatherapie of voelborden.<br \/><strong><br \/>Een dagje belevenis, voor alle kinderen van de Berk (doorlopende wens)<br \/><\/strong>Voor de kinderen van Kinderdagcentrum De Berk is een dagje uit geen vanzelfsprekendheid. <br \/>Veel van onze kinderen hebben intensieve begeleiding nodig, sommigen zitten in een rolstoel, en er is vaak \u00e9\u00e9n-op-\u00e9\u00e9n ondersteuning vereist. Toch doen we er alles aan om hen af en toe een onvergetelijke dag te bezorgen \u2013 bijvoorbeeld naar de dierentuin, een theatervoorstelling of een bezoek van de Cliniclowns.<br \/>Dankzij de enorme inzet van onze medewerkers, \u00e9n met hulp van ouders en vrijwilligers, kunnen deze waardevolle uitjes plaatsvinden. Maar naast de organisatie brengt zo\u2019n dag ook kosten met zich mee: vervoer met aangepaste busjes, entreebewijzen, begeleiding, en natuurlijk iets feestelijks te eten en drinken.<br \/>Daarom zijn we continu op zoek naar sponsors die willen bijdragen aan een dag vol beleving voor onze kinderen. Elk uitje vraagt maatwerk, afhankelijk van het aantal kinderen, begeleiders en de bestemming. Als richtbedrag kunt u denken aan een bijdrage vanaf \u20ac 500 per uitstapje.<\/p><p data-start=\"1203\" data-end=\"1317\"><strong data-start=\"1203\" data-end=\"1317\">Wilt u helpen om deze bijzondere momenten mogelijk te maken? Neem dan <a href=\"https:\/\/www.vriendenvandeberk.nl\/?page_id=11\">contact<\/a> met ons op. Elke bijdrage telt.<\/strong><\/p>\t\t\t\t\t\t\t\t<\/div>\n\t\t\t\t<\/div>\n\t\t\t\t\t<\/div>\n\t\t\t\t<\/div>\n\t\t\t\t<\/div>\n\t\t","protected":false},"excerpt":{"rendered":"<p>Stichting Vrienden van De Berk zet zich in voor het vervullen van wensen die wezenlijk bijdragen aan het welzijn en aan het plezier van de kinderen op De Berk en die niet uit de reguliere middelen betaald kunnen worden. Er zijn zo veel wensen die we graag zouden willen vervullen voor onze kinderen op De [&hellip;]<\/p>\n","protected":false},"author":1,"featured_media":0,"parent":0,"menu_order":0,"comment_status":"closed","ping_status":"open","template":"","meta":{"footnotes":""},"class_list":["post-35","page","type-page","status-publish","hentry"],"blocksy_meta":[],"_links":{"self":[{"href":"https:\/\/www.vriendenvandeberk.nl\/index.php?rest_route=\/wp\/v2\/pages\/35","targetHints":{"allow":["GET"]}}],"collection":[{"href":"https:\/\/www.vriendenvandeberk.nl\/index.php?rest_route=\/wp\/v2\/pages"}],"about":[{"href":"https:\/\/www.vriendenvandeberk.nl\/index.php?rest_route=\/wp\/v2\/types\/page"}],"author":[{"embeddable":true,"href":"https:\/\/www.vriendenvandeberk.nl\/index.php?rest_route=\/wp\/v2\/users\/1"}],"replies":[{"embeddable":true,"href":"https:\/\/www.vriendenvandeberk.nl\/index.php?rest_route=%2Fwp%2Fv2%2Fcomments&post=35"}],"version-history":[{"count":35,"href":"https:\/\/www.vriendenvandeberk.nl\/index.php?rest_route=\/wp\/v2\/pages\/35\/revisions"}],"predecessor-version":[{"id":489,"href":"https:\/\/www.vriendenvandeberk.nl\/index.php?rest_route=\/wp\/v2\/pages\/35\/revisions\/489"}],"wp:attachment":[{"href":"https:\/\/www.vriendenvandeberk.nl\/index.php?rest_route=%2Fwp%2Fv2%2Fmedia&parent=35"}],"curies":[{"name":"wp","href":"https:\/\/api.w.org\/{rel}","templated":true}]}}